{"id":1009,"date":"2024-04-26T13:42:57","date_gmt":"2024-04-26T11:42:57","guid":{"rendered":"https:\/\/initiale.ovh\/?page_id=1009"},"modified":"2024-05-04T17:01:03","modified_gmt":"2024-05-04T15:01:03","slug":"au-dela","status":"publish","type":"page","link":"https:\/\/initiale.ovh\/index.php\/au-dela\/","title":{"rendered":"Au-del\u00e0"},"content":{"rendered":"\n<p>\u00ab\u00a0&#8230;<em>construire une vraie libert\u00e9 en nous affranchissant des cha\u00eenes de l\u2019asservissement volontaire, tout en esp\u00e9rant en trouver de nouvelles chemin faisant&#8230;<\/em>\u00ab\u00a0<\/p>\n\n\n\n<p>De nombreux dogmes restent \u00e0 identifier pour esp\u00e9rer recouvrir cette forme de libert\u00e9. C&rsquo;est ce que laisse entendre B. Spinoza dans une lettre \u00e9crite \u00e0 son ami G.H. Schuller :<\/p>\n\n\n\n<p><em>\u00ab\u00a0La libert\u00e9 consiste uniquement dans le fait que les hommes sont conscients de leurs app\u00e9tits et ignorants des causes par lesquelles ils sont d\u00e9termin\u00e9s.\u00a0\u00bb<\/em><\/p>\n\n\n\n<p>On en d\u00e9duit deux choses :<\/p>\n\n\n\n<ul class=\"wp-block-list\">\n<li>Nous ignorons la source de nos app\u00e9tits.<\/li>\n\n\n\n<li>Des causes d\u00e9terministes qui nous sont propres sont \u00e0 l&rsquo;origine de ces app\u00e9tits.<\/li>\n<\/ul>\n\n\n\n<p>Ainsi pense-t-on \u00eatre libre, mais c&rsquo;est par ignorance.<\/p>\n\n\n\n<p>Le seul moyen d&rsquo;acqu\u00e9rir une vraie libert\u00e9 est donc de reconna\u00eetre les causes qui nous d\u00e9terminent. Or, ces causes viennent des conditionnements qui brident notre conscience. Conclusion : identifier les conditionnements de la conscience est le chemin qui m\u00e8ne \u00e0 la vraie libert\u00e9.<\/p>\n\n\n\n<p>Construire <a href=\"https:\/\/initiale.ovh\/index.php\/2023\/12\/22\/resume-en-image\/\">la maison<\/a> n&rsquo;est donc qu&rsquo;une partie du projet d&rsquo;autonomie. La chasse au dogme en est une autre. Voil\u00e0 la raison des liens ci-dessous.<\/p>\n\n\n\n<ul class=\"wp-block-list\">\n<li>Sur la sant\u00e9 :\n<ul class=\"wp-block-list\">\n<li><a href=\"https:\/\/www.youtube.com\/watch?v=GDBE36idkWA\" target=\"_blank\" rel=\"noreferrer noopener\">Changer la science<\/a>, une interview de Wim Hof sur les effets b\u00e9n\u00e9fiques du froid.<\/li>\n\n\n\n<li><a href=\"https:\/\/www.youtube.com\/watch?v=3hNGHHE5Oz0\" target=\"_blank\" rel=\"noreferrer noopener\">R\u00e9g\u00e9n\u00e9ration<\/a>, un documentaire d&rsquo;<a href=\"https:\/\/www.alexferrini.com\/\" target=\"_blank\" rel=\"noreferrer noopener\">Alex Ferrini<\/a> sur les capacit\u00e9s d&rsquo;autogu\u00e9rison du corps. On remerciera au passage Thierry Casasnovas pour sa sinc\u00e9rit\u00e9 et son <a href=\"https:\/\/www.rgnr.tv\/\" target=\"_blank\" rel=\"noreferrer noopener\">combat<\/a>.<\/li>\n\n\n\n<li>The Game Changers, un documentaire sur l&rsquo;am\u00e9lioration des performances sportives par une nourriture exclusivement d&rsquo;origine v\u00e9g\u00e9tale. Ce long m\u00e9trage est disponible sur la plateforme <a href=\"https:\/\/www.lookmovie2.to\/\" target=\"_blank\" rel=\"noreferrer noopener\">Lookmovie2.to<\/a><\/li>\n<\/ul>\n<\/li>\n<\/ul>\n\n\n\n<ul class=\"wp-block-list\">\n<li>Sur les origines de l&rsquo;humanit\u00e9 :\n<ul class=\"wp-block-list\">\n<li><a href=\"https:\/\/www.youtube.com\/watch?v=EHs6Gj7Cxzg&amp;t=2685s\" target=\"_blank\" rel=\"noreferrer noopener\">B\u00e2tisseurs des anciens myst\u00e8res<\/a>, un documentaire sur les origines communes des civilisations.<\/li>\n\n\n\n<li><a href=\"https:\/\/www.youtube.com\/watch?v=xJhHYiVg9bI\" target=\"_blank\" rel=\"noreferrer noopener\">Barabar, le site arch\u00e9ologique du futur<\/a>, un documentaire exclusivement sur les inexplicables grottes de Barabar.<\/li>\n<\/ul>\n<\/li>\n\n\n\n<li>Sur les bienfaits des psych\u00e9d\u00e9liques :\n<ul class=\"wp-block-list\">\n<li>La r\u00e9volution psych\u00e9d\u00e9lique, un livre d&rsquo;Olivier Chambon notamment, sur les potentiels de gu\u00e9rison des substances psych\u00e9d\u00e9liques, disponible dans toutes les librairies.<\/li>\n<\/ul>\n<\/li>\n<\/ul>\n\n\n\n<ul class=\"wp-block-list\">\n<li>Sur la fin du scientisme :\n<ul class=\"wp-block-list\">\n<li><a href=\"https:\/\/www.amazon.fr\/Crise-foi-Quand-conscience-s%C3%A9veille\/dp\/B094TG1T3R\/ref=sr_1_1?__mk_fr_FR=%C3%85M%C3%85%C5%BD%C3%95%C3%91&amp;sr=8-1\" target=\"_blank\" rel=\"noreferrer noopener\">Crise de Foi<\/a>, un livre qui sape le dogme scientifique moderne pour redonner place au doute et \u00e0 la m\u00e9taphysique. Disponible uniquement sur Amazon en auto-\u00e9dition.<\/li>\n<\/ul>\n<\/li>\n<\/ul>\n\n\n\n<ul class=\"wp-block-list\">\n<li>Sur la mort :\n<ul class=\"wp-block-list\">\n<li><a href=\"https:\/\/www.youtube.com\/watch?v=ga09YgNEUOc\" target=\"_blank\" rel=\"noreferrer noopener\">EMI : Je reviens gu\u00e9ri de l&rsquo;au-del\u00e0 (1\/2)<\/a> et <a href=\"https:\/\/www.youtube.com\/watch?v=7GaPt4KJOI8\" target=\"_blank\" rel=\"noreferrer noopener\">EMI : Je reviens gu\u00e9ri de l&rsquo;au-del\u00e0 (2\/2)<\/a>, une s\u00e9rie documentaire sur les exp\u00e9riences de mort imminente.<\/li>\n\n\n\n<li>Revenue gu\u00e9rie de l&rsquo;au-del\u00e0 : Une NDE m&rsquo;a sauv\u00e9e, un livre de Anita Moorjani sur son exp\u00e9rience exceptionnelle de mort imminente, disponible dans toutes les librairies.<\/li>\n<\/ul>\n<\/li>\n\n\n\n<li>Sur les capacit\u00e9s extrasensorielles :\n<ul class=\"wp-block-list\">\n<li>Une <a href=\"https:\/\/www.youtube.com\/watch?v=K0HGhkAO2mA&amp;app=desktop\" target=\"_blank\" rel=\"noreferrer noopener\">conf\u00e9rence de Jean Jacques Charbonnier<\/a> sur la Transcommunication hypnotique.<\/li>\n<\/ul>\n<\/li>\n\n\n\n<li>Sur les synchronicit\u00e9s :\n<ul class=\"wp-block-list\">\n<li><a href=\"https:\/\/www.youtube.com\/watch?v=Gq9JZP7ZWfs\" target=\"_blank\" rel=\"noreferrer noopener\">Se souvenir du futur gr\u00e2ce aux synchronicit\u00e9s<\/a>, une conf\u00e9rence de Romuald Leterrier sur le fonctionnement des synchronicit\u00e9s et des boucles temporelles.<\/li>\n<\/ul>\n<\/li>\n<\/ul>\n\n\n\n<p><\/p>\n\n\n\n<p><\/p>\n\n\n\n<p><\/p>\n\n\n\n<p><\/p>\n","protected":false},"excerpt":{"rendered":"<p>\u00ab\u00a0&#8230;construire une vraie libert\u00e9 en nous affranchissant des cha\u00eenes de l\u2019asservissement volontaire, tout en esp\u00e9rant en trouver de nouvelles chemin faisant&#8230;\u00ab\u00a0 De nombreux dogmes restent &hellip;<\/p>\n","protected":false},"author":1,"featured_media":0,"parent":0,"menu_order":5,"comment_status":"closed","ping_status":"closed","template":"","meta":{"footnotes":""},"class_list":["post-1009","page","type-page","status-publish","hentry"],"_links":{"self":[{"href":"https:\/\/initiale.ovh\/index.php\/wp-json\/wp\/v2\/pages\/1009","targetHints":{"allow":["GET"]}}],"collection":[{"href":"https:\/\/initiale.ovh\/index.php\/wp-json\/wp\/v2\/pages"}],"about":[{"href":"https:\/\/initiale.ovh\/index.php\/wp-json\/wp\/v2\/types\/page"}],"author":[{"embeddable":true,"href":"https:\/\/initiale.ovh\/index.php\/wp-json\/wp\/v2\/users\/1"}],"replies":[{"embeddable":true,"href":"https:\/\/initiale.ovh\/index.php\/wp-json\/wp\/v2\/comments?post=1009"}],"version-history":[{"count":9,"href":"https:\/\/initiale.ovh\/index.php\/wp-json\/wp\/v2\/pages\/1009\/revisions"}],"predecessor-version":[{"id":1142,"href":"https:\/\/initiale.ovh\/index.php\/wp-json\/wp\/v2\/pages\/1009\/revisions\/1142"}],"wp:attachment":[{"href":"https:\/\/initiale.ovh\/index.php\/wp-json\/wp\/v2\/media?parent=1009"}],"curies":[{"name":"wp","href":"https:\/\/api.w.org\/{rel}","templated":true}]}}