{"id":38,"date":"2023-12-18T14:04:29","date_gmt":"2023-12-18T13:04:29","guid":{"rendered":"https:\/\/initiale.ovh\/?page_id=38"},"modified":"2024-01-25T20:31:36","modified_gmt":"2024-01-25T19:31:36","slug":"le-projet","status":"publish","type":"page","link":"https:\/\/initiale.ovh\/index.php\/le-projet\/","title":{"rendered":"Le projet"},"content":{"rendered":"\n<p>Ancien enseignant, je me suis reconverti dans la plomberie, le chauffage et l&rsquo;\u00e9lectricit\u00e9. Ancienne commerciale dans les assurances du b\u00e2timent, reconvertie en tant que sophrologue, ma femme s&rsquo;est enfin reconvertie en tant que vendeuse dans une \u00e9picerie bio locale. C&rsquo;est suite \u00e0 un ras-le-bol g\u00e9n\u00e9ral des institutions, des dogmes li\u00e9s au mat\u00e9rialisme et de la soci\u00e9t\u00e9 de consommation que nous avons d\u00e9cid\u00e9 de construire notre propre maison autonome pour nous affranchir des d\u00e9pendances li\u00e9es \u00e0 l\u2019\u00e9nergie, ainsi qu&rsquo;aux eaux potables et us\u00e9es. Nous avons \u00e9galement revu notre gestion des d\u00e9chets, de notre alimentation et m\u00eame de notre sant\u00e9. Mais puisque tout ne peut se faire en un jour, notre but est avant tout de construire une vraie libert\u00e9 en nous affranchissant des cha\u00eenes de l&rsquo;asservissement volontaire, tout en esp\u00e9rant en trouver de nouvelles chemin faisant, afin de les briser \u00e9galement. Plus qu\u2019un but, ce projet offre donc un sens, sens qui \u00e0 nos nos yeux fait cruellement d\u00e9faut dans nos soci\u00e9t\u00e9s dites \u00ab\u00a0modernes\u00a0\u00bb.<\/p>\n\n\n\n<p><a href=\"https:\/\/initiale.ovh\/index.php\/2023\/12\/22\/quel-est-il\/\">Quel est-il ?<\/a><\/p>\n\n\n\n<p><a href=\"https:\/\/initiale.ovh\/index.php\/2023\/12\/18\/ou\/\">O\u00f9 ?<\/a><\/p>\n\n\n\n<p><a href=\"https:\/\/initiale.ovh\/index.php\/2023\/12\/18\/comment\/\">Comment ?<\/a><\/p>\n\n\n\n<p><a href=\"https:\/\/initiale.ovh\/index.php\/2023\/12\/22\/resume-en-image\/\">Le projet r\u00e9sum\u00e9 en images<\/a><\/p>\n\n\n\n<p><a href=\"https:\/\/initiale.ovh\/index.php\/2023\/12\/20\/sources-dinspiration\/\">Sources d&rsquo;inspiration<\/a><\/p>\n","protected":false},"excerpt":{"rendered":"<p>Ancien enseignant, je me suis reconverti dans la plomberie, le chauffage et l&rsquo;\u00e9lectricit\u00e9. Ancienne commerciale dans les assurances du b\u00e2timent, reconvertie en tant que sophrologue, &hellip;<\/p>\n","protected":false},"author":1,"featured_media":0,"parent":0,"menu_order":1,"comment_status":"closed","ping_status":"closed","template":"","meta":{"footnotes":""},"class_list":["post-38","page","type-page","status-publish","hentry"],"_links":{"self":[{"href":"https:\/\/initiale.ovh\/index.php\/wp-json\/wp\/v2\/pages\/38","targetHints":{"allow":["GET"]}}],"collection":[{"href":"https:\/\/initiale.ovh\/index.php\/wp-json\/wp\/v2\/pages"}],"about":[{"href":"https:\/\/initiale.ovh\/index.php\/wp-json\/wp\/v2\/types\/page"}],"author":[{"embeddable":true,"href":"https:\/\/initiale.ovh\/index.php\/wp-json\/wp\/v2\/users\/1"}],"replies":[{"embeddable":true,"href":"https:\/\/initiale.ovh\/index.php\/wp-json\/wp\/v2\/comments?post=38"}],"version-history":[{"count":14,"href":"https:\/\/initiale.ovh\/index.php\/wp-json\/wp\/v2\/pages\/38\/revisions"}],"predecessor-version":[{"id":694,"href":"https:\/\/initiale.ovh\/index.php\/wp-json\/wp\/v2\/pages\/38\/revisions\/694"}],"wp:attachment":[{"href":"https:\/\/initiale.ovh\/index.php\/wp-json\/wp\/v2\/media?parent=38"}],"curies":[{"name":"wp","href":"https:\/\/api.w.org\/{rel}","templated":true}]}}